{"id":9,"date":"2018-03-21T16:57:45","date_gmt":"2018-03-21T16:57:45","guid":{"rendered":"http:\/\/gajlapanow.pl\/?page_id=9"},"modified":"2024-02-13T15:03:51","modified_gmt":"2024-02-13T15:03:51","slug":"kontakt","status":"publish","type":"page","link":"http:\/\/gajlapanow.pl\/index.php\/kontakt\/","title":{"rendered":"Kontakt"},"content":{"rendered":"<h3><span style=\"font-family: comic sans ms,sans-serif;\"><em>Dojazd do domk\u00f3w letniskowych Gaj.<\/em><\/span><\/h3>\n<table style=\"border-color: #5e825c;\">\n<tbody>\n<tr style=\"border-color: #52804b;\">\n<td style=\"border-color: #71a672; background-color: #f0f5f2; padding-left: 30px; width: 943px;\">\n<h3 style=\"text-align: justify;\"><em><span style=\"font-family: comic sans ms,sans-serif;\">Jad\u0105c od strony Krakowa, tu\u017c przed rynkiem w \u0141apanowie nale\u017cy skr\u0119ci\u0107 w prawo (ma\u0142a uliczka pomi\u0119dzy budynkami) kieruj\u0105c si\u0119 w stron\u0119 rzeki Stradomki. Po przejechaniu przez wa\u0142 przeciwpowodziowy nale\u017cy dojecha\u0107 do \u017c\u00f3\u0142tego mostu. Nieca\u0142e 50m za mostem po lewej stronie, vis a vis boiska sportowego s\u0105 domki letniskowe\u00a0 Gaj. W rynku mo\u017cna te\u017c\u00a0 pyta\u0107 o drog\u0119 <\/span><\/em><em><span style=\"font-family: comic sans ms,sans-serif;\">nad zalew, kt\u00f3ry znajduje si\u0119 przy tej samej ulicy 100m za domkami Gaj.<\/span><\/em><\/h3>\n<\/td>\n<td style=\"border-color: #71a672; background-color: #f0f5f2; padding-left: 30px; width: 10px;\"><\/td>\n<\/tr>\n<\/tbody>\n<\/table>\n<p><a href=\"http:\/\/gajlapanow.pl\/wp-content\/uploads\/2018\/03\/mapa_lapanow8.jpg\" rel=\"noopener\"><img decoding=\"async\" loading=\"lazy\" class=\"alignnone wp-image-130 size-thumbnail\" title=\"Mapa\" src=\"http:\/\/gajlapanow.pl\/wp-content\/uploads\/2018\/03\/mapa_lapanow8-150x150.jpg\" alt=\"\" width=\"150\" height=\"150\" srcset=\"http:\/\/gajlapanow.pl\/wp-content\/uploads\/2018\/03\/mapa_lapanow8-150x150.jpg 150w, http:\/\/gajlapanow.pl\/wp-content\/uploads\/2018\/03\/mapa_lapanow8-100x100.jpg 100w\" sizes=\"(max-width: 150px) 100vw, 150px\" \/><span style=\"color: #003300;\"><img decoding=\"async\" loading=\"lazy\" class=\"alignright wp-image-65 size-full\" src=\"http:\/\/gajlapanow.pl\/wp-content\/uploads\/2018\/03\/qrcode_gaj.png\" alt=\"\" width=\"150\" height=\"150\" srcset=\"http:\/\/gajlapanow.pl\/wp-content\/uploads\/2018\/03\/qrcode_gaj.png 150w, http:\/\/gajlapanow.pl\/wp-content\/uploads\/2018\/03\/qrcode_gaj-100x100.png 100w\" sizes=\"(max-width: 150px) 100vw, 150px\" \/><\/span><\/a><\/p>\n<p style=\"text-align: center;\"><span style=\"color: #003300;\"><strong>Wsp\u00f3\u0142rz\u0119dne GPS<\/strong><\/span><\/p>\n<p><span style=\"color: #003300;\"><strong>N49\u00b051&#8217;32.2&#8243; E20\u00b017&#8217;32.9&#8243;<\/strong>\u00a0\u00a0 <\/span><strong><span style=\"color: #003300;\">49.858958,\u00a0 20.292478<\/span><\/strong><\/p>\n<ul>\n<li>Adres<br \/>\nDomki letniskowe\u00a0 Gaj<br \/>\n\u0141apan\u00f3w 189<br \/>\n32-740 \u0141apan\u00f3w<br \/>\nwoj. Ma\u0142opolskie<br \/>\n<a href=\"mailto:biuro@gajlapanow.pl\">biuro@gajlapanow.pl<\/a><\/li>\n<li style=\"text-align: left;\">tel.\u00a0 <strong>537 02 70 70<\/strong><\/li>\n<li><span style=\"color: #ffffff;\">tel. stac.\u00a0 12 397 77 76<\/span><\/li>\n<\/ul>\n<p>Godziny rezerwacji telefonicznej<br \/>\nPoniedzia\u0142ek\u2014pi\u0105tek: 8:00\u201321:00<br \/>\nSobota &amp; Niedziela: 9:00\u201320:00<\/p>\n<figure id=\"attachment_369\" aria-describedby=\"caption-attachment-369\" style=\"width: 300px\" class=\"wp-caption alignleft\"><a title=\"GAJ \u0141apan\u00f3w\" href=\"https:\/\/www.openstreetmap.org\/#map=17\/49.85919\/20.29168\" target=\"_blank\" rel=\"noopener\"><img decoding=\"async\" loading=\"lazy\" class=\"wp-image-369 size-medium\" src=\"http:\/\/gajlapanow.pl\/wp-content\/uploads\/2018\/11\/map-300x238.png\" alt=\"\" width=\"300\" height=\"238\" srcset=\"http:\/\/gajlapanow.pl\/wp-content\/uploads\/2018\/11\/map-300x238.png 300w, http:\/\/gajlapanow.pl\/wp-content\/uploads\/2018\/11\/map-768x608.png 768w, http:\/\/gajlapanow.pl\/wp-content\/uploads\/2018\/11\/map-1024x811.png 1024w, http:\/\/gajlapanow.pl\/wp-content\/uploads\/2018\/11\/map.png 1183w\" sizes=\"(max-width: 300px) 100vw, 300px\" \/><\/a><figcaption id=\"caption-attachment-369\" class=\"wp-caption-text\"><a href=\"openstreetmap.org\">Dojazd wg mapy;\u00a0\u00a0 openstreetmap.org<\/a><\/figcaption><\/figure>\n<p style=\"text-align: left;\">\n","protected":false},"excerpt":{"rendered":"<p>Dojazd do domk\u00f3w letniskowych Gaj. Jad\u0105c od strony Krakowa, tu\u017c przed rynkiem w \u0141apanowie nale\u017cy skr\u0119ci\u0107 w prawo (ma\u0142a uliczka pomi\u0119dzy budynkami) kieruj\u0105c si\u0119 w stron\u0119 rzeki Stradomki. Po przejechaniu przez wa\u0142 przeciwpowodziowy nale\u017cy dojecha\u0107 do \u017c\u00f3\u0142tego mostu. Nieca\u0142e 50m za mostem po lewej stronie, vis a vis boiska sportowego s\u0105 domki letniskowe\u00a0 Gaj. W &hellip; <\/p>\n<p class=\"link-more\"><a href=\"http:\/\/gajlapanow.pl\/index.php\/kontakt\/\" class=\"more-link\">Czytaj dalej<span class=\"screen-reader-text\"> Kontakt<\/span><\/a><\/p>\n","protected":false},"author":1,"featured_media":0,"parent":0,"menu_order":0,"comment_status":"closed","ping_status":"closed","template":"","meta":[],"_links":{"self":[{"href":"http:\/\/gajlapanow.pl\/index.php\/wp-json\/wp\/v2\/pages\/9"}],"collection":[{"href":"http:\/\/gajlapanow.pl\/index.php\/wp-json\/wp\/v2\/pages"}],"about":[{"href":"http:\/\/gajlapanow.pl\/index.php\/wp-json\/wp\/v2\/types\/page"}],"author":[{"embeddable":true,"href":"http:\/\/gajlapanow.pl\/index.php\/wp-json\/wp\/v2\/users\/1"}],"replies":[{"embeddable":true,"href":"http:\/\/gajlapanow.pl\/index.php\/wp-json\/wp\/v2\/comments?post=9"}],"version-history":[{"count":62,"href":"http:\/\/gajlapanow.pl\/index.php\/wp-json\/wp\/v2\/pages\/9\/revisions"}],"predecessor-version":[{"id":695,"href":"http:\/\/gajlapanow.pl\/index.php\/wp-json\/wp\/v2\/pages\/9\/revisions\/695"}],"wp:attachment":[{"href":"http:\/\/gajlapanow.pl\/index.php\/wp-json\/wp\/v2\/media?parent=9"}],"curies":[{"name":"wp","href":"https:\/\/api.w.org\/{rel}","templated":true}]}}